{"id":9965,"date":"2026-04-07T13:18:55","date_gmt":"2026-04-07T13:18:55","guid":{"rendered":"https:\/\/electrobennjima.tn\/?post_type=product&#038;p=9965"},"modified":"2026-04-07T13:18:56","modified_gmt":"2026-04-07T13:18:56","slug":"plaque-de-cuisson-brandt-60cm-vitro-blanc-4-foyers-thermocouple","status":"publish","type":"product","link":"https:\/\/electrobennjima.tn\/en\/plaque-de-cuisson-brandt-60cm-vitro-blanc-4-foyers-thermocouple\/","title":{"rendered":"PLAQUE DE CUISSON , BRANDT 60CM , VITRO BLANC , 4 FOYERS , THERMOCOUPLE"},"content":{"rendered":"<table id=\"product-attribute-specs-table\" class=\"data table additional-attributes\">\n<tbody>\n<tr>\n<th class=\"col label\" scope=\"row\">R\u00e9f\u00e9rence<\/th>\n<td class=\"col data\" data-th=\"gtin\">PLBPE641W<\/td>\n<\/tr>\n<tr>\n<th class=\"col label\" scope=\"row\">Marque<\/th>\n<td class=\"col data\" data-th=\"Marque\">BRANDT<\/td>\n<\/tr>\n<tr>\n<th class=\"col label\" scope=\"row\">Couleur<\/th>\n<td class=\"col data\" data-th=\"Type de Pose\">Blanc<\/td>\n<\/tr>\n<tr>\n<th class=\"col label\" scope=\"row\">Nombres de\u00a0 foyers<\/th>\n<td class=\"col data\" data-th=\"Nombre de Foyers\">4 foyers<\/td>\n<\/tr>\n<tr>\n<th class=\"col label\" scope=\"row\">Intensit\u00e9<\/th>\n<td class=\"col data\" data-th=\"\u00c9nergie Utilis\u00e9e\">10A<\/td>\n<\/tr>\n<tr>\n<th class=\"col label\" scope=\"row\">Dimensions<\/th>\n<td class=\"col data\" data-th=\"Type de Plaque\">58 x 600 x 530 mm<\/td>\n<\/tr>\n<tr>\n<th class=\"col label\" scope=\"row\">Poids<\/th>\n<td class=\"col data\" data-th=\"Thermocouple\">7 kg<\/td>\n<\/tr>\n<tr>\n<th class=\"col label\" scope=\"row\">Type d&rsquo;installation<\/th>\n<td class=\"col data\" data-th=\"Grilles\">Encastrable<\/td>\n<\/tr>\n<tr>\n<th class=\"col label\" scope=\"row\">Syst\u00e8me de s\u00e9curit\u00e9 gaz<\/th>\n<td class=\"col data\" data-th=\"Largeur\">Par thermocouple<\/td>\n<\/tr>\n<tr>\n<th class=\"col label\" scope=\"row\">Type de prise<\/th>\n<td class=\"col data\" data-th=\"Revetement\">Sans<\/td>\n<\/tr>\n<tr>\n<th class=\"col label\" scope=\"row\">\n<dl class=\"data-sheet\">\n<dt class=\"name\">Type de commandes des foyers<\/dt>\n<\/dl>\n<\/th>\n<td class=\"col data\" data-th=\"Puissance\">Manettes<\/td>\n<\/tr>\n<\/tbody>\n<\/table>","protected":false},"excerpt":{"rendered":"<p>R\u00e9f\u00e9rence PLBPE641W Marque BRANDT Couleur Blanc Nombres de\u00a0 foyers 4 foyers Intensit\u00e9 10A Dimensions 58 x 600 x 530 mm Poids 7 kg Type d&rsquo;installation Encastrable Syst\u00e8me de s\u00e9curit\u00e9 gaz Par thermocouple Type de prise Sans Type de commandes des foyers Manettes<\/p>","protected":false},"featured_media":9967,"comment_status":"open","ping_status":"closed","template":"","meta":[],"product_brand":[103],"product_cat":[62],"product_tag":[],"class_list":{"0":"post-9965","1":"product","2":"type-product","3":"status-publish","4":"has-post-thumbnail","6":"product_brand-brandt","7":"product_cat-plaques-de-cuisson","9":"first","10":"instock","11":"shipping-taxable","12":"purchasable","13":"product-type-simple"},"_links":{"self":[{"href":"https:\/\/electrobennjima.tn\/en\/wp-json\/wp\/v2\/product\/9965","targetHints":{"allow":["GET"]}}],"collection":[{"href":"https:\/\/electrobennjima.tn\/en\/wp-json\/wp\/v2\/product"}],"about":[{"href":"https:\/\/electrobennjima.tn\/en\/wp-json\/wp\/v2\/types\/product"}],"replies":[{"embeddable":true,"href":"https:\/\/electrobennjima.tn\/en\/wp-json\/wp\/v2\/comments?post=9965"}],"wp:featuredmedia":[{"embeddable":true,"href":"https:\/\/electrobennjima.tn\/en\/wp-json\/wp\/v2\/media\/9967"}],"wp:attachment":[{"href":"https:\/\/electrobennjima.tn\/en\/wp-json\/wp\/v2\/media?parent=9965"}],"wp:term":[{"taxonomy":"product_brand","embeddable":true,"href":"https:\/\/electrobennjima.tn\/en\/wp-json\/wp\/v2\/product_brand?post=9965"},{"taxonomy":"product_cat","embeddable":true,"href":"https:\/\/electrobennjima.tn\/en\/wp-json\/wp\/v2\/product_cat?post=9965"},{"taxonomy":"product_tag","embeddable":true,"href":"https:\/\/electrobennjima.tn\/en\/wp-json\/wp\/v2\/product_tag?post=9965"}],"curies":[{"name":"wp","href":"https:\/\/api.w.org\/{rel}","templated":true}]}}