{"id":9972,"date":"2026-04-07T13:27:16","date_gmt":"2026-04-07T13:27:16","guid":{"rendered":"https:\/\/electrobennjima.tn\/?post_type=product&#038;p=9972"},"modified":"2026-04-07T13:27:16","modified_gmt":"2026-04-07T13:27:16","slug":"plaque-focus-3-feux-gaz-1-elect-inox","status":"publish","type":"product","link":"https:\/\/electrobennjima.tn\/en\/plaque-focus-3-feux-gaz-1-elect-inox\/","title":{"rendered":"PLAQUE FOCUS 3 FEUX GAZ + 1 ELECT INOX"},"content":{"rendered":"<table id=\"product-attribute-specs-table\" class=\"data table additional-attributes\">\n<tbody>\n<tr>\n<th class=\"col label\" scope=\"row\">R\u00e9f\u00e9rence<\/th>\n<td class=\"col data\" data-th=\"gtin\">F806X<\/td>\n<\/tr>\n<tr>\n<th class=\"col label\" scope=\"row\">Marque<\/th>\n<td class=\"col data\" data-th=\"Marque\">FOCUS<\/td>\n<\/tr>\n<tr>\n<th class=\"col label\" scope=\"row\">Type de Pose<\/th>\n<td class=\"col data\" data-th=\"Type de Pose\">Encastrable<\/td>\n<\/tr>\n<tr>\n<th class=\"col label\" scope=\"row\">Nombre de Foyers<\/th>\n<td class=\"col data\" data-th=\"Nombre de Foyers\">4 foyers<\/td>\n<\/tr>\n<tr>\n<th class=\"col label\" scope=\"row\">\u00c9nergie Utilis\u00e9e<\/th>\n<td class=\"col data\" data-th=\"\u00c9nergie Utilis\u00e9e\">Gaz\/\u00c9lectrique<\/td>\n<\/tr>\n<tr>\n<th class=\"col label\" scope=\"row\">Type de Plaque<\/th>\n<td class=\"col data\" data-th=\"Type de Plaque\">Mixte<\/td>\n<\/tr>\n<tr>\n<th class=\"col label\" scope=\"row\">Thermocouple<\/th>\n<td class=\"col data\" data-th=\"Thermocouple\">Non<\/td>\n<\/tr>\n<tr>\n<th class=\"col label\" scope=\"row\">Grilles<\/th>\n<td class=\"col data\" data-th=\"Grilles\">Emaill\u00e9<\/td>\n<\/tr>\n<tr>\n<th class=\"col label\" scope=\"row\">Largeur<\/th>\n<td class=\"col data\" data-th=\"Largeur\">60 cm<\/td>\n<\/tr>\n<tr>\n<th class=\"col label\" scope=\"row\">Revetement<\/th>\n<td class=\"col data\" data-th=\"Revetement\">inox<\/td>\n<\/tr>\n<tr>\n<th class=\"col label\" scope=\"row\">Puissance<\/th>\n<td class=\"col data\" data-th=\"Puissance\">Autres<\/td>\n<\/tr>\n<tr>\n<th class=\"col label\" scope=\"row\">Dimensions<\/th>\n<td class=\"col data\" data-th=\"Dimensions\">50 x 58 x 3 cm<\/td>\n<\/tr>\n<tr>\n<th class=\"col label\" scope=\"row\">Couleur<\/th>\n<td class=\"col data\" data-th=\"Couleur\">Inox<\/td>\n<\/tr>\n<tr>\n<th class=\"col label\" scope=\"row\">Garantie<\/th>\n<td class=\"col data\" data-th=\"Garantie\">2 ans<\/td>\n<\/tr>\n<\/tbody>\n<\/table>","protected":false},"excerpt":{"rendered":"<p>R\u00e9f\u00e9rence F806X Marque FOCUS Type de Pose Encastrable Nombre de Foyers 4 foyers \u00c9nergie Utilis\u00e9e Gaz\/\u00c9lectrique Type de Plaque Mixte Thermocouple Non Grilles Emaill\u00e9 Largeur 60 cm Revetement inox Puissance Autres Dimensions 50 x 58 x 3 cm Couleur Inox Garantie 2 ans<\/p>","protected":false},"featured_media":9973,"comment_status":"open","ping_status":"closed","template":"","meta":[],"product_brand":[63],"product_cat":[62],"product_tag":[],"class_list":{"0":"post-9972","1":"product","2":"type-product","3":"status-publish","4":"has-post-thumbnail","6":"product_brand-focus","7":"product_cat-plaques-de-cuisson","9":"first","10":"instock","11":"shipping-taxable","12":"purchasable","13":"product-type-simple"},"_links":{"self":[{"href":"https:\/\/electrobennjima.tn\/en\/wp-json\/wp\/v2\/product\/9972","targetHints":{"allow":["GET"]}}],"collection":[{"href":"https:\/\/electrobennjima.tn\/en\/wp-json\/wp\/v2\/product"}],"about":[{"href":"https:\/\/electrobennjima.tn\/en\/wp-json\/wp\/v2\/types\/product"}],"replies":[{"embeddable":true,"href":"https:\/\/electrobennjima.tn\/en\/wp-json\/wp\/v2\/comments?post=9972"}],"wp:featuredmedia":[{"embeddable":true,"href":"https:\/\/electrobennjima.tn\/en\/wp-json\/wp\/v2\/media\/9973"}],"wp:attachment":[{"href":"https:\/\/electrobennjima.tn\/en\/wp-json\/wp\/v2\/media?parent=9972"}],"wp:term":[{"taxonomy":"product_brand","embeddable":true,"href":"https:\/\/electrobennjima.tn\/en\/wp-json\/wp\/v2\/product_brand?post=9972"},{"taxonomy":"product_cat","embeddable":true,"href":"https:\/\/electrobennjima.tn\/en\/wp-json\/wp\/v2\/product_cat?post=9972"},{"taxonomy":"product_tag","embeddable":true,"href":"https:\/\/electrobennjima.tn\/en\/wp-json\/wp\/v2\/product_tag?post=9972"}],"curies":[{"name":"wp","href":"https:\/\/api.w.org\/{rel}","templated":true}]}}