{"id":9985,"date":"2026-04-07T13:46:37","date_gmt":"2026-04-07T13:46:37","guid":{"rendered":"https:\/\/electrobennjima.tn\/?post_type=product&#038;p=9985"},"modified":"2026-04-07T13:46:38","modified_gmt":"2026-04-07T13:46:38","slug":"plaque-focus-4-feux-vitro-crystal-noir-70-cm","status":"publish","type":"product","link":"https:\/\/electrobennjima.tn\/en\/plaque-focus-4-feux-vitro-crystal-noir-70-cm\/","title":{"rendered":"PLAQUE FOCUS 4 FEUX VITRO CRYSTAL &#8211; NOIR 70 CM"},"content":{"rendered":"<table id=\"product-attribute-specs-table\" class=\"data table additional-attributes\">\n<tbody>\n<tr>\n<th class=\"col label\" scope=\"row\">gtin<\/th>\n<td class=\"col data\" data-th=\"gtin\">F410B<\/td>\n<\/tr>\n<tr>\n<th class=\"col label\" scope=\"row\">Marque<\/th>\n<td class=\"col data\" data-th=\"Marque\">FOCUS<\/td>\n<\/tr>\n<tr>\n<th class=\"col label\" scope=\"row\">Type de Pose<\/th>\n<td class=\"col data\" data-th=\"Type de Pose\">Encastrable<\/td>\n<\/tr>\n<tr>\n<th class=\"col label\" scope=\"row\">Nombre de Foyers<\/th>\n<td class=\"col data\" data-th=\"Nombre de Foyers\">4 foyers<\/td>\n<\/tr>\n<tr>\n<th class=\"col label\" scope=\"row\">\u00c9nergie Utilis\u00e9e<\/th>\n<td class=\"col data\" data-th=\"\u00c9nergie Utilis\u00e9e\">Gaz<\/td>\n<\/tr>\n<tr>\n<th class=\"col label\" scope=\"row\">Type de Plaque<\/th>\n<td class=\"col data\" data-th=\"Type de Plaque\">Gaz<\/td>\n<\/tr>\n<tr>\n<th class=\"col label\" scope=\"row\">Thermocouple<\/th>\n<td class=\"col data\" data-th=\"Thermocouple\">Non<\/td>\n<\/tr>\n<tr>\n<th class=\"col label\" scope=\"row\">Grilles<\/th>\n<td class=\"col data\" data-th=\"Grilles\">Emaill\u00e9<\/td>\n<\/tr>\n<tr>\n<th class=\"col label\" scope=\"row\">Largeur<\/th>\n<td class=\"col data\" data-th=\"Largeur\">70 cm<\/td>\n<\/tr>\n<tr>\n<th class=\"col label\" scope=\"row\">Revetement<\/th>\n<td class=\"col data\" data-th=\"Revetement\">vitroc\u00e9ramique<\/td>\n<\/tr>\n<tr>\n<th class=\"col label\" scope=\"row\">Syst\u00e8me d Allumage<\/th>\n<td class=\"col data\" data-th=\"Syst\u00e8me d Allumage\">Automatique<\/td>\n<\/tr>\n<tr>\n<th class=\"col label\" scope=\"row\">Puissance<\/th>\n<td class=\"col data\" data-th=\"Puissance\">Autres<\/td>\n<\/tr>\n<tr>\n<th class=\"col label\" scope=\"row\">Dimensions<\/th>\n<td class=\"col data\" data-th=\"Dimensions\">700 x 510 x 55 mm<\/td>\n<\/tr>\n<tr>\n<th class=\"col label\" scope=\"row\">Couleur<\/th>\n<td class=\"col data\" data-th=\"Couleur\">Noir<\/td>\n<\/tr>\n<tr>\n<th class=\"col label\" scope=\"row\">Garantie<\/th>\n<td class=\"col data\" data-th=\"Garantie\">2 ans<\/td>\n<\/tr>\n<\/tbody>\n<\/table>","protected":false},"excerpt":{"rendered":"<p>gtin F410B Marque FOCUS Type de Pose Encastrable Nombre de Foyers 4 foyers \u00c9nergie Utilis\u00e9e Gaz Type de Plaque Gaz Thermocouple Non Grilles Emaill\u00e9 Largeur 70 cm Revetement vitroc\u00e9ramique Syst\u00e8me d Allumage Automatique Puissance Autres Dimensions 700 x 510 x 55 mm Couleur Noir Garantie 2 ans<\/p>","protected":false},"featured_media":9986,"comment_status":"open","ping_status":"closed","template":"","meta":[],"product_brand":[63],"product_cat":[62],"product_tag":[],"class_list":{"0":"post-9985","1":"product","2":"type-product","3":"status-publish","4":"has-post-thumbnail","6":"product_brand-focus","7":"product_cat-plaques-de-cuisson","9":"first","10":"instock","11":"shipping-taxable","12":"purchasable","13":"product-type-simple"},"_links":{"self":[{"href":"https:\/\/electrobennjima.tn\/en\/wp-json\/wp\/v2\/product\/9985","targetHints":{"allow":["GET"]}}],"collection":[{"href":"https:\/\/electrobennjima.tn\/en\/wp-json\/wp\/v2\/product"}],"about":[{"href":"https:\/\/electrobennjima.tn\/en\/wp-json\/wp\/v2\/types\/product"}],"replies":[{"embeddable":true,"href":"https:\/\/electrobennjima.tn\/en\/wp-json\/wp\/v2\/comments?post=9985"}],"wp:featuredmedia":[{"embeddable":true,"href":"https:\/\/electrobennjima.tn\/en\/wp-json\/wp\/v2\/media\/9986"}],"wp:attachment":[{"href":"https:\/\/electrobennjima.tn\/en\/wp-json\/wp\/v2\/media?parent=9985"}],"wp:term":[{"taxonomy":"product_brand","embeddable":true,"href":"https:\/\/electrobennjima.tn\/en\/wp-json\/wp\/v2\/product_brand?post=9985"},{"taxonomy":"product_cat","embeddable":true,"href":"https:\/\/electrobennjima.tn\/en\/wp-json\/wp\/v2\/product_cat?post=9985"},{"taxonomy":"product_tag","embeddable":true,"href":"https:\/\/electrobennjima.tn\/en\/wp-json\/wp\/v2\/product_tag?post=9985"}],"curies":[{"name":"wp","href":"https:\/\/api.w.org\/{rel}","templated":true}]}}